{"id":1032,"date":"2012-08-31T17:56:54","date_gmt":"2012-08-31T17:56:54","guid":{"rendered":"http:\/\/www.dumitra.net\/blog\/?page_id=1032"},"modified":"2025-10-07T06:34:05","modified_gmt":"2025-10-07T06:34:05","slug":"eu","status":"publish","type":"page","link":"https:\/\/www.dumitra.net\/blog\/?page_id=1032","title":{"rendered":"Cine sunt eu:"},"content":{"rendered":"<div class=\"_2cuy _3dgx _2vxa\">\n<div class=\"_2cuy _3dgx\" data-block=\"true\" data-editor=\"1l1cu\" data-offset-key=\"a1rjj-0-0\">\n<div class=\"_1mf _1mj\" data-offset-key=\"a1rjj-0-0\"><span data-offset-key=\"a1rjj-0-0\">Dumitra R\u00e2\u0219noveanu \u0219i \u201cinstig\u201d la sport \u0219i citit.<\/span><\/div>\n<div class=\"_1mf _1mj\" data-offset-key=\"a1rjj-0-0\"><span data-offset-key=\"a1rjj-0-0\">Cred despre sport c\u0103 e un lucru pe care trebuie s\u0103-l facem \u00een via\u021b\u0103 orice ar fi.<\/span><\/div>\n<div data-offset-key=\"a1rjj-0-0\">\n<p><em style=\"color: initial;\">Sportul te ajut\u0103 s\u0103 te cuno\u015fti. S\u0103 vezi p\u00e2n\u0103 unde po\u0163i s\u0103 mergi, s\u0103 sim\u0163i c\u0103 organismul t\u0103u se transform\u0103, s\u0103 \u00een\u0163elegi uneori c\u0103 e\u015fti limitat, s\u0103 te \u00eentreci cu tine \u00eensu\u0163i, s\u0103 \u00ee\u0163i spui: merg mai departe, ast\u0103zi m-am descurcat bine.<\/em><\/p>\n<p>&nbsp;<\/p>\n<\/div>\n<\/div>\n<\/div>\n<div>&nbsp;<\/div>\n<p>&nbsp;<\/p>\n<ul>\n<li><strong>Blogger, jurnalist, specialist \u00een comunicare<\/strong><\/li>\n<li><strong>Autoarea romanelor \u201eDaphnia\u201d<\/strong>, distins cu Premiul Uniunii Scriitorilor din Republica Moldova (Editura Cartier, 2024) \u0219i <strong>\u201eSplendida poveste accident\u201d<\/strong> (Editura Cartier, 2025)<\/li>\n<li><strong>Tehni<\/strong><strong>cian nutri\u021bionist<\/strong><\/li>\n<li><strong>Inst<\/strong><strong>ructor aerobic fitness<\/strong> <strong>&#8211; certificare&nbsp; Ministerul \u00cenv\u0103\u021b\u0103m\u00e2ntului \u0219i Ministerul Muncii din Rom\u00e2nia, certificare Asocia\u021bia European\u0103 de Fitness<\/strong><\/li>\n<li><strong>Instructor Zu<\/strong><strong>mba<\/strong> <strong>fitness &#8211; 6 certific\u0103ri \u0219i licen\u021b\u0103 interna\u021bional\u0103&nbsp;<\/strong><\/li>\n<li><strong>Centur\u0103 galben\u0103 Karate-Do Shotokab<\/strong><\/li>\n<li>&nbsp;\u0218ef departament comunicare, grup interna\u021bional auto<\/li>\n<li>Absolvent\u0103 a Facult\u0103\u021bii de Jurnalism \u0219i \u0218tiin\u021bele Comunic\u0103rii<\/li>\n<li>Absolvent\u0103 postuniversitar\u0103 SNSPA<\/li>\n<\/ul>\n<p><strong><em>&nbsp;<\/em><\/strong><em>&nbsp; &nbsp;&nbsp;<\/em>M\u0103 mai g\u0103se\u0219ti \u0219i pe Facebook, \u0219i Instagram: dumitrarasnoveanu sau <a href=\"https:\/\/www.facebook.com\/Dumitranet\/\" target=\"_blank\" rel=\"noopener\">https:\/\/www.facebook.com\/Dumitranet\/&nbsp;&nbsp;&nbsp;<\/a><\/p>\n<p>Sau Youtube:&nbsp;<a href=\"https:\/\/www.youtube.com\/channel\/UCCCPT1JBpapiecCSkTQiUaA\" target=\"_blank\" rel=\"noopener\">https:\/\/www.youtube.com<\/a><\/p>\n\n\n<p><\/p>\n","protected":false},"excerpt":{"rendered":"<p>Dumitra R\u00e2\u0219noveanu \u0219i \u201cinstig\u201d la sport \u0219i citit. Cred despre sport c\u0103 e un lucru pe care trebuie s\u0103-l facem \u00een via\u021b\u0103 orice ar fi. Sportul te ajut\u0103 s\u0103 te cuno\u015fti. S\u0103 vezi p\u00e2n\u0103&#46;&#46;&#46;<\/p>\n","protected":false},"author":1,"featured_media":0,"parent":0,"menu_order":0,"comment_status":"open","ping_status":"closed","template":"","meta":{"ngg_post_thumbnail":0,"footnotes":""},"class_list":["post-1032","page","type-page","status-publish","hentry"],"_links":{"self":[{"href":"https:\/\/www.dumitra.net\/blog\/index.php?rest_route=\/wp\/v2\/pages\/1032","targetHints":{"allow":["GET"]}}],"collection":[{"href":"https:\/\/www.dumitra.net\/blog\/index.php?rest_route=\/wp\/v2\/pages"}],"about":[{"href":"https:\/\/www.dumitra.net\/blog\/index.php?rest_route=\/wp\/v2\/types\/page"}],"author":[{"embeddable":true,"href":"https:\/\/www.dumitra.net\/blog\/index.php?rest_route=\/wp\/v2\/users\/1"}],"replies":[{"embeddable":true,"href":"https:\/\/www.dumitra.net\/blog\/index.php?rest_route=%2Fwp%2Fv2%2Fcomments&post=1032"}],"version-history":[{"count":83,"href":"https:\/\/www.dumitra.net\/blog\/index.php?rest_route=\/wp\/v2\/pages\/1032\/revisions"}],"predecessor-version":[{"id":15793,"href":"https:\/\/www.dumitra.net\/blog\/index.php?rest_route=\/wp\/v2\/pages\/1032\/revisions\/15793"}],"wp:attachment":[{"href":"https:\/\/www.dumitra.net\/blog\/index.php?rest_route=%2Fwp%2Fv2%2Fmedia&parent=1032"}],"curies":[{"name":"wp","href":"https:\/\/api.w.org\/{rel}","templated":true}]}}